{"id":32606,"date":"2022-10-25T17:06:12","date_gmt":"2022-10-25T15:06:12","guid":{"rendered":"https:\/\/gyms4you.com\/?page_id=32606"},"modified":"2022-10-26T14:16:19","modified_gmt":"2022-10-26T12:16:19","slug":"qr-app-download","status":"publish","type":"page","link":"https:\/\/gyms4you.com\/en\/qr-app-download\/","title":{"rendered":"QR"},"content":{"rendered":"<div data-elementor-type=\"wp-page\" data-elementor-id=\"32606\" class=\"elementor elementor-32606\" data-elementor-post-type=\"page\">\n\t\t\t\t\t\t<section class=\"elementor-section elementor-top-section elementor-element elementor-element-b008d73 membership-join-through-mobile-app-section elementor-section-boxed elementor-section-height-default elementor-section-height-default\" data-id=\"b008d73\" data-element_type=\"section\">\n\t\t\t\t\t\t<div class=\"elementor-container elementor-column-gap-default\">\n\t\t\t\t\t<div class=\"elementor-column elementor-col-100 elementor-top-column elementor-element elementor-element-43d9d9b\" data-id=\"43d9d9b\" data-element_type=\"column\">\n\t\t\t<div class=\"elementor-widget-wrap elementor-element-populated\">\n\t\t\t\t\t\t<section class=\"elementor-section elementor-inner-section elementor-element elementor-element-b002228 free-consultation-inner-section elementor-section-boxed elementor-section-height-default elementor-section-height-default\" data-id=\"b002228\" data-element_type=\"section\">\n\t\t\t\t\t\t<div class=\"elementor-container elementor-column-gap-default\">\n\t\t\t\t\t<div class=\"elementor-column elementor-col-50 elementor-inner-column elementor-element elementor-element-94ed00c\" data-id=\"94ed00c\" data-element_type=\"column\" data-settings=\"{&quot;background_background&quot;:&quot;classic&quot;}\">\n\t\t\t<div class=\"elementor-widget-wrap elementor-element-populated\">\n\t\t\t\t\t\t<div class=\"elementor-element elementor-element-9302c0e elementor-widget elementor-widget-spacer\" data-id=\"9302c0e\" data-element_type=\"widget\" data-widget_type=\"spacer.default\">\n\t\t\t\t<div class=\"elementor-widget-container\">\n\t\t\t\t\t\t\t<div class=\"elementor-spacer\">\n\t\t\t<div class=\"elementor-spacer-inner\"><\/div>\n\t\t<\/div>\n\t\t\t\t\t\t<\/div>\n\t\t\t\t<\/div>\n\t\t\t\t\t<\/div>\n\t\t<\/div>\n\t\t\t\t<div class=\"elementor-column elementor-col-50 elementor-inner-column elementor-element elementor-element-aa65c11 free-consultation-inner-section-column-desc\" data-id=\"aa65c11\" data-element_type=\"column\" data-settings=\"{&quot;background_background&quot;:&quot;classic&quot;}\">\n\t\t\t<div class=\"elementor-widget-wrap elementor-element-populated\">\n\t\t\t\t\t\t<div class=\"elementor-element elementor-element-5cd97ac elementor-widget elementor-widget-heading\" data-id=\"5cd97ac\" data-element_type=\"widget\" data-widget_type=\"heading.default\">\n\t\t\t\t<div class=\"elementor-widget-container\">\n\t\t\t\t\t<h2 class=\"elementor-heading-title elementor-size-default\">JOIN NOW USING THE APP<\/h2>\t\t\t\t<\/div>\n\t\t\t\t<\/div>\n\t\t\t\t<div class=\"elementor-element elementor-element-b1395e8 elementor-widget elementor-widget-text-editor\" data-id=\"b1395e8\" data-element_type=\"widget\" data-widget_type=\"text-editor.default\">\n\t\t\t\t<div class=\"elementor-widget-container\">\n\t\t\t\t\t\t\t\t\t<p>Do you want to be part of the largest chain of fitness centers in Croatia? Along with the option of joining at the reception of the center of your choice, we invite you to register in just a few steps through the Gyms4you app, after which you will need to get your membership card at the reception in order to enter the gym.<\/p>\t\t\t\t\t\t\t\t<\/div>\n\t\t\t\t<\/div>\n\t\t\t\t<div class=\"elementor-element elementor-element-847966d elementor-widget__width-auto elementor-widget elementor-widget-image\" data-id=\"847966d\" data-element_type=\"widget\" data-widget_type=\"image.default\">\n\t\t\t\t<div class=\"elementor-widget-container\">\n\t\t\t\t\t\t\t\t\t\t\t\t\t\t\t\t<a href=\"https:\/\/play.google.com\/store\/apps\/details?id=se.brpsystems.gyms4you\" target=\"_blank\" rel=\"noopener\">\n\t\t\t\t\t\t\t<img decoding=\"async\" width=\"270\" height=\"101\" data-src=\"https:\/\/gyms4you.com\/wp-content\/uploads\/2022\/09\/gogole-play-button.png\" class=\"attachment-large size-large wp-image-1158 lazyload\" alt=\"\" src=\"data:image\/svg+xml;base64,PHN2ZyB3aWR0aD0iMSIgaGVpZ2h0PSIxIiB4bWxucz0iaHR0cDovL3d3dy53My5vcmcvMjAwMC9zdmciPjwvc3ZnPg==\" style=\"--smush-placeholder-width: 270px; --smush-placeholder-aspect-ratio: 270\/101;\" \/>\t\t\t\t\t\t\t\t<\/a>\n\t\t\t\t\t\t\t\t\t\t\t\t\t\t\t<\/div>\n\t\t\t\t<\/div>\n\t\t\t\t<div class=\"elementor-element elementor-element-bdaf131 elementor-widget__width-auto elementor-widget elementor-widget-image\" data-id=\"bdaf131\" data-element_type=\"widget\" data-widget_type=\"image.default\">\n\t\t\t\t<div class=\"elementor-widget-container\">\n\t\t\t\t\t\t\t\t\t\t\t\t\t\t\t\t<a href=\"https:\/\/apps.apple.com\/us\/app\/gyms4you\/id1633047527\" target=\"_blank\" rel=\"noopener\">\n\t\t\t\t\t\t\t<img decoding=\"async\" width=\"296\" height=\"101\" data-src=\"https:\/\/gyms4you.com\/wp-content\/uploads\/2022\/09\/apple-store-button.png\" class=\"attachment-large size-large wp-image-1157 lazyload\" alt=\"\" src=\"data:image\/svg+xml;base64,PHN2ZyB3aWR0aD0iMSIgaGVpZ2h0PSIxIiB4bWxucz0iaHR0cDovL3d3dy53My5vcmcvMjAwMC9zdmciPjwvc3ZnPg==\" style=\"--smush-placeholder-width: 296px; --smush-placeholder-aspect-ratio: 296\/101;\" \/>\t\t\t\t\t\t\t\t<\/a>\n\t\t\t\t\t\t\t\t\t\t\t\t\t\t\t<\/div>\n\t\t\t\t<\/div>\n\t\t\t\t\t<\/div>\n\t\t<\/div>\n\t\t\t\t\t<\/div>\n\t\t<\/section>\n\t\t\t\t\t<\/div>\n\t\t<\/div>\n\t\t\t\t\t<\/div>\n\t\t<\/section>\n\t\t\t\t<\/div>","protected":false},"excerpt":{"rendered":"<p>U\u010cLANITE SE UZ APLIKACIJU \u017delite biti dio najve\u0107eg lanca fitness centara u Hrvatskoj? Uz mogu\u0107nost prijave na recepciji teretane po va\u0161em izboru, pozivamo vas da se prijavite u nekoliko koraka putem Gyms4you aplikacije, nakon \u010dega na recepciji trebate preuzeti \u010dlansku iskaznicu kako biste u\u0161li u teretanu.<\/p>","protected":false},"author":1,"featured_media":0,"parent":0,"menu_order":0,"comment_status":"closed","ping_status":"closed","template":"","meta":{"_acf_changed":false,"inline_featured_image":false,"footnotes":""},"class_list":["post-32606","page","type-page","status-publish","hentry"],"acf":[],"publishpress_future_workflow_manual_trigger":{"enabledWorkflows":[]},"_links":{"self":[{"href":"https:\/\/gyms4you.com\/en\/wp-json\/wp\/v2\/pages\/32606","targetHints":{"allow":["GET"]}}],"collection":[{"href":"https:\/\/gyms4you.com\/en\/wp-json\/wp\/v2\/pages"}],"about":[{"href":"https:\/\/gyms4you.com\/en\/wp-json\/wp\/v2\/types\/page"}],"author":[{"embeddable":true,"href":"https:\/\/gyms4you.com\/en\/wp-json\/wp\/v2\/users\/1"}],"replies":[{"embeddable":true,"href":"https:\/\/gyms4you.com\/en\/wp-json\/wp\/v2\/comments?post=32606"}],"version-history":[{"count":0,"href":"https:\/\/gyms4you.com\/en\/wp-json\/wp\/v2\/pages\/32606\/revisions"}],"wp:attachment":[{"href":"https:\/\/gyms4you.com\/en\/wp-json\/wp\/v2\/media?parent=32606"}],"curies":[{"name":"wp","href":"https:\/\/api.w.org\/{rel}","templated":true}]}}