{"id":31996,"date":"2022-10-14T09:37:03","date_gmt":"2022-10-14T07:37:03","guid":{"rendered":"https:\/\/gyms4you.com\/?page_id=31996"},"modified":"2025-08-26T09:07:45","modified_gmt":"2025-08-26T07:07:45","slug":"terms-of-service","status":"publish","type":"page","link":"https:\/\/gyms4you.com\/en\/terms-of-service\/","title":{"rendered":"Rules of conduct"},"content":{"rendered":"<div data-elementor-type=\"wp-page\" data-elementor-id=\"31996\" class=\"elementor elementor-31996\" data-elementor-post-type=\"page\">\n\t\t\t\t\t\t<section class=\"elementor-section elementor-top-section elementor-element elementor-element-697bfcd2 elementor-section-boxed elementor-section-height-default elementor-section-height-default\" data-id=\"697bfcd2\" data-element_type=\"section\">\n\t\t\t\t\t\t<div class=\"elementor-container elementor-column-gap-default\">\n\t\t\t\t\t<div class=\"elementor-column elementor-col-100 elementor-top-column elementor-element elementor-element-7e695838\" data-id=\"7e695838\" data-element_type=\"column\" data-settings=\"{&quot;background_background&quot;:&quot;classic&quot;}\">\n\t\t\t<div class=\"elementor-widget-wrap elementor-element-populated\">\n\t\t\t\t\t\t<section class=\"elementor-section elementor-inner-section elementor-element elementor-element-586ffeee elementor-section-boxed elementor-section-height-default elementor-section-height-default\" data-id=\"586ffeee\" data-element_type=\"section\">\n\t\t\t\t\t\t<div class=\"elementor-container elementor-column-gap-default\">\n\t\t\t\t\t<div class=\"elementor-column elementor-col-100 elementor-inner-column elementor-element elementor-element-1c26ef2f\" data-id=\"1c26ef2f\" data-element_type=\"column\">\n\t\t\t<div class=\"elementor-widget-wrap elementor-element-populated\">\n\t\t\t\t\t\t<div class=\"elementor-element elementor-element-33f89a5f elementor-align-start elementor-mobile-align-center elementor-icon-list--layout-traditional elementor-list-item-link-full_width elementor-widget elementor-widget-icon-list\" data-id=\"33f89a5f\" data-element_type=\"widget\" data-widget_type=\"icon-list.default\">\n\t\t\t\t<div class=\"elementor-widget-container\">\n\t\t\t\t\t\t\t<ul class=\"elementor-icon-list-items\">\n\t\t\t\t\t\t\t<li class=\"elementor-icon-list-item\">\n\t\t\t\t\t\t\t\t\t\t\t<span class=\"elementor-icon-list-icon\">\n\t\t\t\t\t\t\t<svg xmlns=\"http:\/\/www.w3.org\/2000\/svg\" xmlns:xlink=\"http:\/\/www.w3.org\/1999\/xlink\" id=\"Layer_1\" x=\"0px\" y=\"0px\" viewbox=\"0 0 50 51\" style=\"enable-background:new 0 0 50 51;\" xml:space=\"preserve\"><style type=\"text\/css\">\t.st0{fill:#E31E24;}\t.st1{fill:#FFFFFF;}<\/style><circle class=\"st0\" cx=\"25\" cy=\"25.5\" r=\"25\"><\/circle><path class=\"st1\" d=\"M35.7,12.7H13.4c-1.7,0-3,1.3-3,2.8v19.8c0,1.6,1.4,2.8,3,2.8h22.3c1.7,0,3-1.3,3-2.8V15.6 C38.8,14,37.4,12.7,35.7,12.7z M35.7,35.4H13.4c-0.1,0-0.1,0-0.2,0c0,0,0,0,0,0l0-19.8c0,0,0.1-0.1,0.2-0.1h22.3c0.1,0,0.2,0,0.2,0 l0,19.8C35.9,35.3,35.9,35.4,35.7,35.4z\"><\/path><path class=\"st1\" d=\"M16.1,18.4h8.5v8.5h-8.5V18.4z M26,29.7h-9.9v2.8h17v-2.8h-5.7H26z M27.4,24.1h5.7v2.8h-5.7V24.1z M27.4,18.4 h5.7v2.8h-5.7V18.4z\"><\/path><\/svg>\t\t\t\t\t\t<\/span>\n\t\t\t\t\t\t\t\t\t\t<span class=\"elementor-icon-list-text\">RULES OF CONDUCT<\/span>\n\t\t\t\t\t\t\t\t\t<\/li>\n\t\t\t\t\t\t<\/ul>\n\t\t\t\t\t\t<\/div>\n\t\t\t\t<\/div>\n\t\t\t\t<div class=\"elementor-element elementor-element-28c3f32f pravila-kosistenja-desc elementor-widget elementor-widget-text-editor\" data-id=\"28c3f32f\" data-element_type=\"widget\" data-widget_type=\"text-editor.default\">\n\t\t\t\t<div class=\"elementor-widget-container\">\n\t\t\t\t\t\t\t\t\t<ol><li style=\"font-weight: 400;\" aria-level=\"1\"><span style=\"font-weight: 400;\">A member is not allowed to allow another person to use the GYMS4YOU membership card either inside or outside the gym. If someone has a problem with their membership card outside the club's reception opening hours, they can call the emergency number. The emergency number is located at the reception. Under no circumstances are members allowed to bring in or bring out other people, and this may result in the blocking of their membership in accordance with Article 25 of these Rules of Conduct.<\/span><\/li><li style=\"font-weight: 400;\" aria-level=\"1\"><span style=\"font-weight: 400;\">The membership card is personal, non-transferable and linked to each member's fingerprint and photo in cases when the member has chosen to use the service 7 days a week, 24 hours a day. The membership card is personal, non-transferable and linked to a photo in cases where the member has chosen to use the service during reception opening hours. In the event of loss of the card, the issuance of a new one is billed according to the current price list.<\/span><\/li><li style=\"font-weight: 400;\" aria-level=\"1\"><span style=\"font-weight: 400;\">The member is responsible for the updating of personal data and correct address and personal contacts. It is considered that the information that the member last provided is valid.\u00a0<\/span><\/li><li style=\"font-weight: 400;\" aria-level=\"1\"><span style=\"font-weight: 400;\">The gym may only be used for exercise. For example, it is not permitted to leave scooters or any other personal means of transportation inside or outside the gym. It is also strictly prohibited to perform any intimate acts in the gym premises and changing rooms or to use them for other private or business purposes.<\/span><\/li><li style=\"font-weight: 400;\" aria-level=\"1\"><span style=\"font-weight: 400;\">For the personal safety of members and the prevention of any illegal activities, members are obliged to always have their membership card with them so that they can present it to the staff, security or guard service at any time.\u00a0<\/span><\/li><li style=\"font-weight: 400;\" aria-level=\"1\"><span style=\"font-weight: 400;\">Members exercise at the gym at their own risk.<\/span> <span style=\"font-weight: 400;\">GYMS4YOU is not responsible for the health of its members.<\/span><\/li><li style=\"font-weight: 400;\" aria-level=\"1\"><span style=\"font-weight: 400;\">The instruction or reprimand of the club staff should be obeyed and cannot be a subject of discussion.\u00a0<\/span><\/li><li style=\"font-weight: 400;\" aria-level=\"1\"><span style=\"font-weight: 400;\">Members themselves take full responsibility for the safety and security of their padlocks and personal belongings that they leave and lock in the locker rooms. GYMS4YOU is not responsible for the functioning and eventual malfunction of the padlocks that members use to secure their personal belongings in the changing rooms. Members are responsible for selecting and maintaining their locks. GYMS4YOU is not responsible for the loss, theft or damage of personal belongings left in the changing rooms or other areas of the gym.<\/span><\/li><li style=\"font-weight: 400;\" aria-level=\"1\"><span style=\"font-weight: 400;\">Lockers are not personal and should be emptied after use. If this is not done, the padlocks will be removed and will not be replaced with new ones. GYMS4YOU is not responsible for items stored in closets.\u00a0<\/span><\/li><li style=\"font-weight: 400;\" aria-level=\"1\"><span style=\"font-weight: 400;\">It is always necessary to show respect and consideration towards other members and neighbors who use the premises next to the gym.\u00a0\u00a0\u00a0<\/span><\/li><li style=\"font-weight: 400;\" aria-level=\"1\"><span style=\"font-weight: 400;\">After use, weights should always be returned to the place from which they were taken.<\/span><\/li><li style=\"font-weight: 400;\" aria-level=\"1\"><span style=\"font-weight: 400;\">Members must not yell or scream at the gym.\u00a0<\/span><\/li><li style=\"font-weight: 400;\" aria-level=\"1\"><span style=\"font-weight: 400;\">No throwing of weights or improper handling of equipment is allowed or actions like passing the ball or disrespecting other members by taking majority of the weights.<\/span><\/li><li style=\"font-weight: 400;\" aria-level=\"1\"><span style=\"font-weight: 400;\">The use of magnesium powder and similar products is not allowed.<\/span><\/li><li style=\"font-weight: 400;\" aria-level=\"1\"><span style=\"font-weight: 400;\">Only clean closed indoor shoes that the member brings with them may be used in the gym, and these may not be the same shoes in which the member came from outside. Exceptionally when performing exercises that require greater stability (such as stretching, deadlifting or squatting), members may wear socks during the exercise. Only appropriate and clean sportswear is permitted in the gym to ensure safety and functionality during exercise and proper execution of exercises.<\/span><\/li><li style=\"font-weight: 400;\" aria-level=\"1\"><span style=\"font-weight: 400;\">After use, the equipment used should be disinfected and dried. Gym members are required to use towels during exercise. This obligation contributes to maintaining the hygiene of the machines and equipment and ensures a more comfortable environment for all users.<\/span><\/li><li style=\"font-weight: 400;\" aria-level=\"1\"><span style=\"font-weight: 400;\">If you want to listen to music other than the one played in the gym, we recommend using headphones.<\/span><\/li><li style=\"font-weight: 400;\" aria-level=\"1\"><span style=\"font-weight: 400;\">It is not permitted to record or photograph other members without their permission. Members are not permitted to record or photograph inside the gym for marketing purposes without prior written approval from the management. Any activity related to recording or photographing must be agreed upon and approved in advance to ensure the privacy of other members and compliance with the gym's policies.<\/span><\/li><li style=\"font-weight: 400;\" aria-level=\"1\"><span style=\"font-weight: 400;\">In accordance with the General Terms and Conditions, a medically diagnosed illness or pregnancy allows members to freeze their membership. Membership freezing is not a substitute for paying bills that have already been issued. You can read more about membership freezing in the GYMS4YOU General Terms and Conditions.<\/span><\/li><li style=\"font-weight: 400;\" aria-level=\"1\"><span style=\"font-weight: 400;\">Bringing alcohol, drugs and doping into the gym or smoking in the gym is strictly prohibited. Members who use the gym under the influence of alcohol, drugs or doping will be removed from the gym.<\/span><\/li><li style=\"font-weight: 400;\" aria-level=\"1\"><span style=\"font-weight: 400;\">Personal trainers are not permitted to use the gym premises without prior agreement with the gym management. No type of advertising is allowed in the gym premises. Professional guidance of members in training is allowed only by persons who provide training services in GYMS4YOU.<\/span><\/li><li style=\"font-weight: 400;\" aria-level=\"1\"><span style=\"font-weight: 400;\">The age limit for membership is 16 years. People under that age are not allowed to train or stay in the gym.<\/span><\/li><li style=\"font-weight: 400;\" aria-level=\"1\"><span style=\"font-weight: 400;\">The working hours of the gym must be respected. Working hours are published at the gym's reception and on the Gyms4you website.<\/span><\/li><li style=\"font-weight: 400;\" aria-level=\"1\"><span style=\"font-weight: 400;\">If it is determined that a member has been violent or threatened someone while using the gym, or if there is insulting, pushing or disagreements caused by the member, the member will be immediately expelled and excluded from membership. GYMS4YOU reserves the discretionary right to exclude from membership persons who do not comply with the Terms of Use. GYMS4YOU reserves this right in order to guarantee and ensure the personal safety of all GYMS4YOU gym members at all times and to prevent any illegal or illegal activities on the gym premises.<\/span><\/li><li style=\"font-weight: 400;\" aria-level=\"1\"><span style=\"font-weight: 400;\">GYMS4YOU reserves the right, at its discretion, to issue a warning, suspension of membership for a period of up to 30 days and permanent exclusion from membership to a member who does not comply with the rules above, that are considered a major violation.<\/span><\/li><li style=\"font-weight: 400;\" aria-level=\"1\"><span style=\"font-weight: 400;\">If a member violates any of the above rules, GYMS4YOU may terminate this agreement at any time with immediate effect, with the obligation to pay all invoices issued until the moment of termination of the agreement.<\/span><\/li><li style=\"font-weight: 400;\" aria-level=\"1\"><span style=\"font-weight: 400;\">If a member intentionally destroys or breaks GYMS4YOU property, he will be immediately expelled and permanently excluded from membership. In the above case, the member is responsible for compensation for damage caused by the destruction or breaking of property.<\/span><\/li><li style=\"font-weight: 400;\" aria-level=\"1\"><span style=\"font-weight: 400;\">Members are not allowed to enter rooms intended exclusively for employees, including areas behind the counter, storage rooms and safe rooms. Members are authorized to enter only the exercise rooms and locker rooms.\u00a0<\/span><\/li><li style=\"font-weight: 400;\" aria-level=\"1\"><span style=\"font-weight: 400;\">Entry into the locker room of the opposite sex is not permitted to gym members, except in cases where gym members have altered documentation to match the gender of the locker room they wish to use.<\/span><\/li><\/ol>\t\t\t\t\t\t\t\t<\/div>\n\t\t\t\t<\/div>\n\t\t\t\t\t<\/div>\n\t\t<\/div>\n\t\t\t\t\t<\/div>\n\t\t<\/section>\n\t\t\t\t<section class=\"elementor-section elementor-inner-section elementor-element elementor-element-e139898 elementor-section-boxed elementor-section-height-default elementor-section-height-default\" data-id=\"e139898\" data-element_type=\"section\" id=\"pravila-grupni\">\n\t\t\t\t\t\t<div class=\"elementor-container elementor-column-gap-default\">\n\t\t\t\t\t<div class=\"elementor-column elementor-col-100 elementor-inner-column elementor-element elementor-element-cdfb226\" data-id=\"cdfb226\" data-element_type=\"column\">\n\t\t\t<div class=\"elementor-widget-wrap elementor-element-populated\">\n\t\t\t\t\t\t<div class=\"elementor-element elementor-element-5cfd52e elementor-align-start elementor-mobile-align-center elementor-icon-list--layout-traditional elementor-list-item-link-full_width elementor-widget elementor-widget-icon-list\" data-id=\"5cfd52e\" data-element_type=\"widget\" data-widget_type=\"icon-list.default\">\n\t\t\t\t<div class=\"elementor-widget-container\">\n\t\t\t\t\t\t\t<ul class=\"elementor-icon-list-items\">\n\t\t\t\t\t\t\t<li class=\"elementor-icon-list-item\">\n\t\t\t\t\t\t\t\t\t\t\t<span class=\"elementor-icon-list-icon\">\n\t\t\t\t\t\t\t<svg xmlns=\"http:\/\/www.w3.org\/2000\/svg\" xmlns:xlink=\"http:\/\/www.w3.org\/1999\/xlink\" id=\"Layer_1\" x=\"0px\" y=\"0px\" viewbox=\"0 0 50 51\" style=\"enable-background:new 0 0 50 51;\" xml:space=\"preserve\"><style type=\"text\/css\">\t.st0{fill:#E31E24;}\t.st1{fill:#FFFFFF;}<\/style><circle class=\"st0\" cx=\"25\" cy=\"25.5\" r=\"25\"><\/circle><path class=\"st1\" d=\"M35.7,12.7H13.4c-1.7,0-3,1.3-3,2.8v19.8c0,1.6,1.4,2.8,3,2.8h22.3c1.7,0,3-1.3,3-2.8V15.6 C38.8,14,37.4,12.7,35.7,12.7z M35.7,35.4H13.4c-0.1,0-0.1,0-0.2,0c0,0,0,0,0,0l0-19.8c0,0,0.1-0.1,0.2-0.1h22.3c0.1,0,0.2,0,0.2,0 l0,19.8C35.9,35.3,35.9,35.4,35.7,35.4z\"><\/path><path class=\"st1\" d=\"M16.1,18.4h8.5v8.5h-8.5V18.4z M26,29.7h-9.9v2.8h17v-2.8h-5.7H26z M27.4,24.1h5.7v2.8h-5.7V24.1z M27.4,18.4 h5.7v2.8h-5.7V18.4z\"><\/path><\/svg>\t\t\t\t\t\t<\/span>\n\t\t\t\t\t\t\t\t\t\t<span class=\"elementor-icon-list-text\">TERMS AND CONDITIONS FOR GYMS4YOU GROUP TRAININGS<\/span>\n\t\t\t\t\t\t\t\t\t<\/li>\n\t\t\t\t\t\t<\/ul>\n\t\t\t\t\t\t<\/div>\n\t\t\t\t<\/div>\n\t\t\t\t<div class=\"elementor-element elementor-element-8b81123 pravila-kosistenja-desc elementor-widget elementor-widget-text-editor\" data-id=\"8b81123\" data-element_type=\"widget\" data-widget_type=\"text-editor.default\">\n\t\t\t\t<div class=\"elementor-widget-container\">\n\t\t\t\t\t\t\t\t\t<ol><li style=\"font-weight: 400;\" aria-level=\"1\"><span style=\"font-weight: 400;\">Every member with an active membership has the right to reserve any group training, which is\nincluded in the price of the membership.<\/span><\/li><li style=\"font-weight: 400;\" aria-level=\"1\"><span style=\"font-weight: 400;\">For all group trainings, a reservation via website or application is mandatory.<\/span><\/li><li style=\"font-weight: 400;\" aria-level=\"1\"><span style=\"font-weight: 400;\">If you are unable to attend the group training, you must cancel the reservation or your place on the waiting list in a timely manner (no later than 3 hours before the reserved session) and leave the place available for another member. If a member is on the waiting list and another member cancels the confirmed reservation, the first person on the waiting list is automatically booked for training and receives a notification via email.<\/span><\/li><li style=\"font-weight: 400;\" aria-level=\"1\"><span style=\"font-weight: 400;\">Each user has the right to miss one booked group training session within 30 days. After each missed training session, the system records the date of the missed session and a period of 30 days is calculated from the date of each non-attendance at the group training session. If the user fails to attend the group training session again within the above-mentioned 30-day period, he will lose the right to book group training sessions until he pays the fee for re-booking group training sessions according to the current price list. All training sessions already booked before the suspension can be used.<\/span><\/li><li style=\"font-weight: 400;\" aria-level=\"1\"><span style=\"font-weight: 400;\">It is necessary to arrive early enough for the training session and wait in front of the studio for the session to start - if a member is late, they will miss the health and safety lecture and in this case we cannot allow subsequent entry into the studio. Once the instructor closes the studio door, the training must not be interrupted.<\/span><\/li><li style=\"font-weight: 400;\" aria-level=\"1\"><span style=\"font-weight: 400;\">When entering the studio for group trainings, each member have to show a confirmation on his mobile phone about the reserved time for group training to the instructor.<\/span><\/li><li style=\"font-weight: 400;\" aria-level=\"1\"><span style=\"font-weight: 400;\">A member is not permitted to allow another person to use the GYMS4YOU membership card when entering the group training studio. Under no circumstances are members permitted to introduce other people into the group training studio and this may result in the blocking of membership in accordance with rule 26.<\/span><\/li><li style=\"font-weight: 400;\" aria-level=\"1\"><span style=\"font-weight: 400;\">The studio can only be used for organized group training. Group training takes place according to a pre-defined plan and program, and it is not allowed to perform your own training in a way that ignores the instructor and the training plan. We ask members to use the gym space for personal training so as not to disturb the instructor and other group training participants in the studio.<\/span><\/li><li style=\"font-weight: 400;\" aria-level=\"1\"><span style=\"font-weight: 400;\">After the training session, it is necessary to leave the studio area so that the instructors can prepare the space for the next training session in a timely manner. If a member has booked two consecutive training sessions, they are also required to wait outside the studio area so that the preparation of the session and confirmation of the members' presence can proceed smoothly. If a member wishes to speak with the instructor or has additional questions, we advise that they wait outside the studio until the instructor has completed the necessary tasks.<\/span><\/li><li style=\"font-weight: 400;\" aria-level=\"1\"><span style=\"font-weight: 400;\">Members are asked not to leave personal belongings on the stage designated exclusively for the instructor or on top of technical equipment that can only be used by the instructor. Personal belongings, jackets or bags, must be left and locked in the locker provided for this purpose in accordance with the Rules of using GYMS4YOU gyms.<\/span><\/li><li style=\"font-weight: 400;\" aria-level=\"1\"><span style=\"font-weight: 400;\">Members exercise in the group training studio at their own risk. GYMS4YOU is not responsible for the members' health. If any member has any health problems, they are required to inform the trainer, instructor or professional person leading the program before the start of the training.<\/span><\/li><li style=\"font-weight: 400;\" aria-level=\"1\"><span style=\"font-weight: 400;\">Members should note that our studios have flashing lights; if any of the members has\nphotosensitive epilepsy, please consult your doctor before training.<\/span><\/li><li style=\"font-weight: 400;\" aria-level=\"1\"><span style=\"font-weight: 400;\">During training, it is not allowed to disturb other members by loud conversations so as not to reduce their concentration on training.<\/span><\/li><li style=\"font-weight: 400;\" aria-level=\"1\"><span style=\"font-weight: 400;\">The use of mobile phones or headphones is not allowed during group training sessions.<\/span><\/li><li style=\"font-weight: 400;\" aria-level=\"1\"><span style=\"font-weight: 400;\">In the event that you need to leave the studio before the end of the training, you must do so discreetly in a way that will not disturb other members.<\/span><\/li><li style=\"font-weight: 400;\" aria-level=\"1\"><span style=\"font-weight: 400;\">It is necessary to maintain personal hygiene - in addition to clean sports clothes and shoes (which must be changed before entering the studio for group training), you must have your own towel; if you do not have one, you can buy one at our reception.\u00a0<\/span><\/li><li style=\"font-weight: 400;\" aria-level=\"1\"><span style=\"font-weight: 400;\">After use, the equipment that was used must be disinfected and dried. This obligation contributes to maintaining the hygiene of the equipment and ensures a more comfortable environment for all users.<\/span><\/li><li style=\"font-weight: 400;\" aria-level=\"1\"><span style=\"font-weight: 400;\">Only clean indoor shoes that the member brings with them may be used in group training studios, and these may not be the same shoes that the member came in from outside. Only appropriate and clean sportswear is permitted in the gym and group training studios to ensure safety and functionality during training and proper execution of exercises.<\/span><\/li><li style=\"font-weight: 400;\" aria-level=\"1\"><span style=\"font-weight: 400;\">After use, all props should always be returned to their proper place.<\/span><\/li><li style=\"font-weight: 400;\" aria-level=\"1\"><span style=\"font-weight: 400;\">It is not allowed to shout or scream in the studio for group trainings.\u00a0<\/span><\/li><li style=\"font-weight: 400;\" aria-level=\"1\"><span style=\"font-weight: 400;\">It is forbidden to throw the weights or improperly handle the equipment.\u00a0<\/span><\/li><li style=\"font-weight: 400;\" aria-level=\"1\"><span style=\"font-weight: 400;\">It is not allowed to record or photograph other members without their permission.<\/span><\/li><li style=\"font-weight: 400;\" aria-level=\"1\"><span style=\"font-weight: 400;\">A medically diagnosed illness or pregnancy allows members to excuse their absence.<\/span><\/li><li style=\"font-weight: 400;\" aria-level=\"1\"><span style=\"font-weight: 400;\">It is strictly forbidden to bring alcohol, drugs and doping into the studios and to smoke in the\nstudios. Members who use the studio under the influence of alcohol, drugs or doping will be\nremoved from the studio.<\/span><\/li><li style=\"font-weight: 400;\" aria-level=\"1\"><span style=\"font-weight: 400;\">Personal trainers are not allowed to use studio spaces for group training without agreement with\nthe gym management. No advertising of any kind is allowed in the group training studio.<\/span><\/li><li style=\"font-weight: 400;\" aria-level=\"1\"><span style=\"font-weight: 400;\">If a member violates any of the above rules, GYMS4YOU may terminate this agreement at any time with immediate effect, with the obligation to pay all invoices issued until the moment of termination of the agreement.<\/span><\/li><li style=\"font-weight: 400;\" aria-level=\"1\"><span style=\"font-weight: 400;\">By accepting Terms and conditions for group trainings, you agree to receive email notifications related to training reservations, reservations from the waiting list, training cancellations, and other changes related exclusively to the reserved training. The same does not include acceptance of receiving newsletters or emails for promotional purposes.<\/span><\/li><\/ol>\t\t\t\t\t\t\t\t<\/div>\n\t\t\t\t<\/div>\n\t\t\t\t\t<\/div>\n\t\t<\/div>\n\t\t\t\t\t<\/div>\n\t\t<\/section>\n\t\t\t\t\t<\/div>\n\t\t<\/div>\n\t\t\t\t\t<\/div>\n\t\t<\/section>\n\t\t\t\t<\/div>","protected":false},"excerpt":{"rendered":"<p>PRAVILA KORI\u0160TENJA GYMS4YOU TERETANA \u010clanu nije dopu\u0161teno dozvoliti drugoj osobi da se koristi \u010dlanskom iskaznicom GYMS4YOU niti u teretani niti izvan nje. Ako netko ima problema s \u010dlanskom iskaznicom izvan radnog vremena recepcije kluba mo\u017ee nazvati broj za hitne situacije. Broj za hitne situacije se nalazi na recepciji.\u00a0 Ni u kojem slu\u010daju \u010dlanovima nije dozvoljeno [&hellip;]<\/p>","protected":false},"author":1,"featured_media":0,"parent":0,"menu_order":0,"comment_status":"closed","ping_status":"closed","template":"elementor_header_footer","meta":{"_acf_changed":false,"inline_featured_image":false,"footnotes":""},"class_list":["post-31996","page","type-page","status-publish","hentry"],"acf":[],"publishpress_future_workflow_manual_trigger":{"enabledWorkflows":[]},"_links":{"self":[{"href":"https:\/\/gyms4you.com\/en\/wp-json\/wp\/v2\/pages\/31996","targetHints":{"allow":["GET"]}}],"collection":[{"href":"https:\/\/gyms4you.com\/en\/wp-json\/wp\/v2\/pages"}],"about":[{"href":"https:\/\/gyms4you.com\/en\/wp-json\/wp\/v2\/types\/page"}],"author":[{"embeddable":true,"href":"https:\/\/gyms4you.com\/en\/wp-json\/wp\/v2\/users\/1"}],"replies":[{"embeddable":true,"href":"https:\/\/gyms4you.com\/en\/wp-json\/wp\/v2\/comments?post=31996"}],"version-history":[{"count":112,"href":"https:\/\/gyms4you.com\/en\/wp-json\/wp\/v2\/pages\/31996\/revisions"}],"predecessor-version":[{"id":45175,"href":"https:\/\/gyms4you.com\/en\/wp-json\/wp\/v2\/pages\/31996\/revisions\/45175"}],"wp:attachment":[{"href":"https:\/\/gyms4you.com\/en\/wp-json\/wp\/v2\/media?parent=31996"}],"curies":[{"name":"wp","href":"https:\/\/api.w.org\/{rel}","templated":true}]}}